{"id":17665,"date":"2021-10-12T15:51:09","date_gmt":"2021-10-12T15:51:09","guid":{"rendered":"http:\/\/localhost:10028\/hakkimizda\/"},"modified":"2025-04-15T11:35:45","modified_gmt":"2025-04-15T11:35:45","slug":"hakkimizda","status":"publish","type":"page","link":"https:\/\/canotosan.com\/tr\/hakkimizda\/","title":{"rendered":"Hakk\u0131m\u0131zda"},"content":{"rendered":"\t\t<div data-elementor-type=\"wp-page\" data-elementor-id=\"17665\" class=\"elementor elementor-17665 elementor-4400\">\n\t\t\t\t<div class=\"wd-negative-gap elementor-element elementor-element-1c90c3f wd-section-stretch e-flex e-con-boxed e-con e-parent\" data-id=\"1c90c3f\" data-element_type=\"container\" data-settings=\"{&quot;background_background&quot;:&quot;classic&quot;}\">\n\t\t\t\t\t<div class=\"e-con-inner\">\n\t\t\t\t<div class=\"elementor-element elementor-element-5d57672 elementor-widget__width-initial elementor-widget-tablet__width-inherit wd-width-100 elementor-widget elementor-widget-wd_title\" data-id=\"5d57672\" data-element_type=\"widget\" data-widget_type=\"wd_title.default\">\n\t\t\t\t<div class=\"elementor-widget-container\">\n\t\t\t\t\t\t\t<div class=\"title-wrapper wd-set-mb reset-last-child wd-title-color-primary wd-title-style-default wd-title-size-large text-left\">\n\n\t\t\t\t\t\t\t\t\t\t\t<div class=\"title-subtitle subtitle-color-primary subtitle-style-default wd-fontsize-xs\">\n\t\t\t\t\tKurumsal Bilgiler\t\t\t\t<\/div>\n\t\t\t\n\t\t\t<div class=\"liner-continer\">\n\t\t\t\t<h4 class=\"woodmart-title-container title wd-fontsize-xxl\">\u0130yi koordine edilmi\u015f ekip \u00e7al\u0131\u015fmas\u0131 Hakk\u0131m\u0131zda konu\u015fuyor<\/h4> \n\t\t\t\t\t\t\t<\/div>\n\n\t\t\t\t\t<\/div>\n\t\t\t\t\t\t<\/div>\n\t\t\t\t<\/div>\n\t\t\t\t<div class=\"elementor-element elementor-element-9c05225 elementor-widget__width-initial elementor-widget elementor-widget-wd_infobox\" data-id=\"9c05225\" data-element_type=\"widget\" data-widget_type=\"wd_infobox.default\">\n\t\t\t\t<div class=\"elementor-widget-container\">\n\t\t\t\t\t\t\t<div class=\"info-box-wrapper\">\n\t\t\t<div class=\"wd-info-box text-left box-icon-align-top box-style-base color-scheme-\">\n\t\t\t\t\n\t\t\t\t<div class=\"info-box-content\">\n\t\t\t\t\t\n\t\t\t\t\t\n\t\t\t\t\t<div class=\"info-box-inner reset-last-child\"data-elementor-setting-key=\"content\"><p>Uluslararas\u0131 standartlara uygun \u00fcretim ve tedarik s\u00fcre\u00e7leriyle y\u00fcksek kaliteli \u00fcr\u00fcnler sunuyor, m\u00fc\u015fteri memnuniyetini s\u00fcrekli izleyerek \u00fcr\u00fcn geli\u015ftirme s\u00fcre\u00e7lerine dahil ediyoruz.<\/p>\n<\/div>\n\n\t\t\t\t\t\t\t\t\t<\/div>\n\n\t\t\t\t\t\t\t<\/div>\n\t\t<\/div>\n\t\t\t\t\t\t<\/div>\n\t\t\t\t<\/div>\n\t\t\t\t<div class=\"elementor-element elementor-element-ec30bde elementor-widget__width-initial elementor-widget elementor-widget-wd_infobox\" data-id=\"ec30bde\" data-element_type=\"widget\" data-widget_type=\"wd_infobox.default\">\n\t\t\t\t<div class=\"elementor-widget-container\">\n\t\t\t\t\t\t\t<div class=\"info-box-wrapper\">\n\t\t\t<div class=\"wd-info-box text-left box-icon-align-top box-style-base color-scheme-\">\n\t\t\t\t\n\t\t\t\t<div class=\"info-box-content\">\n\t\t\t\t\t\n\t\t\t\t\t\n\t\t\t\t\t<div class=\"info-box-inner reset-last-child\"data-elementor-setting-key=\"content\"><p>Tedarik\u00e7ilerimiz ve \u00e7al\u0131\u015fanlar\u0131m\u0131zla birlikte toplam kalite y\u00f6netimini benimseyerek, Ar-Ge ve e\u011fitim faaliyetlerine yat\u0131r\u0131m yaparak kurumsal geli\u015fimi destekliyoruz.<\/p>\n<\/div>\n\n\t\t\t\t\t\t\t\t\t<\/div>\n\n\t\t\t\t\t\t\t<\/div>\n\t\t<\/div>\n\t\t\t\t\t\t<\/div>\n\t\t\t\t<\/div>\n\t\t\t\t\t<\/div>\n\t\t\t\t<\/div>\n\t\t<div class=\"wd-negative-gap elementor-element elementor-element-7c7c544 e-flex e-con-boxed e-con e-parent\" data-id=\"7c7c544\" data-element_type=\"container\">\n\t\t\t\t\t<div class=\"e-con-inner\">\n\t\t<div class=\"elementor-element elementor-element-e7cb5cd e-con-full e-flex e-con e-child\" data-id=\"e7cb5cd\" data-element_type=\"container\">\n\t\t\t\t<div class=\"elementor-element elementor-element-56aec39 elementor-widget elementor-widget-wd_image_or_svg\" data-id=\"56aec39\" data-element_type=\"widget\" data-widget_type=\"wd_image_or_svg.default\">\n\t\t\t\t<div class=\"elementor-widget-container\">\n\t\t\t\t\t\n\t\t<div class=\"wd-image text-left\">\n\t\t\t\t\t\t\t\t<img fetchpriority=\"high\" decoding=\"async\" width=\"580\" height=\"580\" src=\"https:\/\/canotosan.com\/wp-content\/uploads\/2021\/10\/about-us-3-image-1.jpg\" class=\"attachment-full size-full\" alt=\"\" \/>\t\t\t\t\t<\/div>\n\n\t\t\t\t\t\t<\/div>\n\t\t\t\t<\/div>\n\t\t\t\t<\/div>\n\t\t<div class=\"elementor-element elementor-element-97d6084 e-con-full e-flex e-con e-child\" data-id=\"97d6084\" data-element_type=\"container\">\n\t\t\t\t<div class=\"elementor-element elementor-element-98d830b wd-width-100 elementor-widget elementor-widget-wd_title\" data-id=\"98d830b\" data-element_type=\"widget\" data-widget_type=\"wd_title.default\">\n\t\t\t\t<div class=\"elementor-widget-container\">\n\t\t\t\t\t\t\t<div class=\"title-wrapper wd-set-mb reset-last-child wd-title-color-primary wd-title-style-default wd-title-size-large text-left\">\n\n\t\t\t\t\t\t\t\t\t\t\t<div class=\"title-subtitle subtitle-color-primary subtitle-style-default wd-fontsize-xs\">\n\t\t\t\t\tStratejik Ortak\t\t\t\t<\/div>\n\t\t\t\n\t\t\t<div class=\"liner-continer\">\n\t\t\t\t<h4 class=\"woodmart-title-container title wd-fontsize-xxl\">Can Otosan<\/h4> \n\t\t\t\t\t\t\t<\/div>\n\n\t\t\t\t\t\t\t<div class=\"title-after_title reset-last-child wd-fontsize-s\">\n\t\t\t\t\t<p>Can Oto Sanayi ve Ticaret Ltd. \u015eti. a\u011f\u0131r vas\u0131ta ve treyler yedek par\u00e7a sekt\u00f6r\u00fcnde g\u00fcvenin, kalitenin ve s\u00fcrd\u00fcr\u00fclebilirli\u011fin ad\u0131 olmu\u015ftur.<\/p>\t\t\t\t<\/div>\n\t\t\t\t\t<\/div>\n\t\t\t\t\t\t<\/div>\n\t\t\t\t<\/div>\n\t\t\t\t<div class=\"elementor-element elementor-element-66e47ad elementor-widget elementor-widget-wd_text_block\" data-id=\"66e47ad\" data-element_type=\"widget\" data-widget_type=\"wd_text_block.default\">\n\t\t\t\t<div class=\"elementor-widget-container\">\n\t\t\t\t\t\t\t<div class=\"wd-text-block reset-last-child text-left\">\n\t\t\t\n\t\t\t<p>Kuruldu\u011fumuz g\u00fcnden bu yana sekt\u00f6rdeki teknolojik geli\u015fmeleri yak\u0131ndan takip ederek m\u00fc\u015fteri memnuniyetini her zaman \u00f6n planda tuttuk.<\/p><p>Y\u0131llar\u0131n verdi\u011fi tecr\u00fcbeyle, debriyaj sistemleri, fren aksamlar\u0131, elektrik aksamlar\u0131, jant kapaklar\u0131, aks gruplar\u0131 ve daha fazlas\u0131n\u0131 i\u00e7eren geni\u015f \u00fcr\u00fcn portf\u00f6y\u00fcm\u00fczle yurti\u00e7i ve yurtd\u0131\u015f\u0131 m\u00fc\u015fterilerimize \u00e7\u00f6z\u00fcmler sunuyoruz. M\u00fc\u015fteri taleplerine y\u00f6nelik \u00f6zel \u00fcr\u00fcn tedari\u011fi ve teknik dan\u0131\u015fmanl\u0131k hizmetlerimizle sekt\u00f6r\u00fcn en g\u00fcvenilir i\u015f ortaklar\u0131ndan biri olmaktan gurur duyuyoruz.<\/p><p>Firmam\u0131z; kalite, s\u00fcreklilik ve yenilik\u00e7ilik ilkelerini benimseyerek, \u00fcretim ve tedarik zincirini her ge\u00e7en g\u00fcn daha verimli hale getirmekte, ticari faaliyetlerinde \u015feffafl\u0131ktan ve etik de\u011ferlerden \u00f6d\u00fcn vermemektedir.<\/p><p>Can Otosan sadece bir tedarik\u00e7i de\u011fil, ayn\u0131 zamanda i\u015f ortaklar\u0131na s\u00fcrd\u00fcr\u00fclebilir ba\u015far\u0131 sunan stratejik bir ortakt\u0131r.<\/p>\n\t\t\t\t\t<\/div>\n\t\t\t\t\t\t<\/div>\n\t\t\t\t<\/div>\n\t\t\t\t<\/div>\n\t\t\t\t\t<\/div>\n\t\t\t\t<\/div>\n\t\t<div class=\"wd-negative-gap elementor-element elementor-element-f911f1b e-flex e-con-boxed e-con e-parent\" data-id=\"f911f1b\" data-element_type=\"container\">\n\t\t\t\t\t<div class=\"e-con-inner\">\n\t\t<div class=\"elementor-element elementor-element-46862a2 e-con-full e-flex e-con e-child\" data-id=\"46862a2\" data-element_type=\"container\">\n\t\t\t\t<div class=\"elementor-element elementor-element-78e409a elementor-widget elementor-widget-wd_text_block\" data-id=\"78e409a\" data-element_type=\"widget\" data-widget_type=\"wd_text_block.default\">\n\t\t\t\t<div class=\"elementor-widget-container\">\n\t\t\t\t\t\t\t<div class=\"wd-text-block reset-last-child text-left\">\n\t\t\t\n\t\t\t<p class=\"p1\"><b>M\u0130SYONUMUZ<\/b><b><\/b><\/p><p class=\"p3\">Sekt\u00f6rdeki ihtiya\u00e7lar\u0131 do\u011fru analiz ederek, y\u00fcksek kaliteli ve g\u00fcvenilir \u00fcr\u00fcnleri en uygun \u00e7\u00f6z\u00fcmlerle m\u00fc\u015fterilerimize sunmak. Yerli \u00fcretimi destekleyerek \u00fclke ekonomisine katk\u0131da bulunmak ve i\u015f ortaklar\u0131m\u0131za uzun vadeli de\u011fer yaratmak.<\/p>\n\t\t\t\t\t<\/div>\n\t\t\t\t\t\t<\/div>\n\t\t\t\t<\/div>\n\t\t\t\t<\/div>\n\t\t<div class=\"elementor-element elementor-element-f09b8e9 e-con-full e-flex e-con e-child\" data-id=\"f09b8e9\" data-element_type=\"container\">\n\t\t\t\t<div class=\"elementor-element elementor-element-e49df39 elementor-widget elementor-widget-wd_text_block\" data-id=\"e49df39\" data-element_type=\"widget\" data-widget_type=\"wd_text_block.default\">\n\t\t\t\t<div class=\"elementor-widget-container\">\n\t\t\t\t\t\t\t<div class=\"wd-text-block reset-last-child text-left\">\n\t\t\t\n\t\t\t<p class=\"p1\"><b>V\u0130ZYONUMUZ<\/b><b><\/b><\/p><p class=\"p3\">T\u00fcrkiye\u2019nin ve b\u00f6lgenin en \u00e7ok tercih edilen, yenilik\u00e7i ve g\u00fcvenilir otomotiv yedek par\u00e7a firmas\u0131 olmak. Kaliteyi, m\u00fc\u015fteri memnuniyetini ve teknolojiyi merkezine alan bir anlay\u0131\u015fla global pazarda s\u00f6z sahibi olmak.<\/p>\n\t\t\t\t\t<\/div>\n\t\t\t\t\t\t<\/div>\n\t\t\t\t<\/div>\n\t\t\t\t<\/div>\n\t\t<div class=\"elementor-element elementor-element-4c6a6ff e-con-full e-flex e-con e-child\" data-id=\"4c6a6ff\" data-element_type=\"container\">\n\t\t\t\t<div class=\"elementor-element elementor-element-ac25ea4 elementor-widget elementor-widget-wd_text_block\" data-id=\"ac25ea4\" data-element_type=\"widget\" data-widget_type=\"wd_text_block.default\">\n\t\t\t\t<div class=\"elementor-widget-container\">\n\t\t\t\t\t\t\t<div class=\"wd-text-block reset-last-child text-left\">\n\t\t\t\n\t\t\t<p><b>DE\u011eERLER\u0130M\u0130Z<\/b><b><\/b><\/p><ul><li class=\"p5\"><span class=\"s2\"><b>G\u00fcvenilirlik:<\/b><\/span> T\u00fcm i\u015f s\u00fcre\u00e7lerimizde d\u00fcr\u00fcstl\u00fck ve \u015feffafl\u0131k temel ilkemizdir.<\/li><li class=\"p5\"><span class=\"s2\"><b>Kalite:<\/b><\/span> \u00dcr\u00fcnlerimizde ve hizmetimizde maksimum kalite standartlar\u0131na uymak en b\u00fcy\u00fck \u00f6nceli\u011fimizdir.<\/li><li class=\"p5\"><span class=\"s2\"><b>M\u00fc\u015fteri Odakl\u0131l\u0131k:<\/b><\/span> Her m\u00fc\u015fterimiz bizim i\u00e7in bir i\u015f orta\u011f\u0131d\u0131r. Talepleri en iyi \u015fekilde analiz eder, \u00e7\u00f6z\u00fcmler \u00fcretiriz.<\/li><li class=\"p5\"><span class=\"s2\"><b>Yenilik\u00e7ilik:<\/b><\/span> Sekt\u00f6rdeki geli\u015fmeleri yak\u0131ndan takip eder, s\u00fcrekli iyile\u015fme felsefesi ile hareket ederiz.<\/li><li class=\"p5\"><span class=\"s2\"><b>S\u00fcrd\u00fcr\u00fclebilirlik:<\/b><\/span> \u00c7evreye duyarl\u0131 \u00fcretim ve i\u015f modelleri ile gelecek nesillere ya\u015fanabilir bir d\u00fcnya b\u0131rakmay\u0131 ama\u00e7lar\u0131z.<\/li><\/ul>\n\t\t\t\t\t<\/div>\n\t\t\t\t\t\t<\/div>\n\t\t\t\t<\/div>\n\t\t\t\t<\/div>\n\t\t\t\t\t<\/div>\n\t\t\t\t<\/div>\n\t\t\t\t<\/div>\n\t\t","protected":false},"excerpt":{"rendered":"<p>Kurumsal Bilgiler \u0130yi koordine edilmi\u015f ekip \u00e7al\u0131\u015fmas\u0131 Hakk\u0131m\u0131zda konu\u015fuyor Uluslararas\u0131 standartlara uygun \u00fcretim ve tedarik s\u00fcre\u00e7leriyle y\u00fcksek kaliteli \u00fcr\u00fcnler sunuyor,<\/p>\n","protected":false},"author":1,"featured_media":0,"parent":0,"menu_order":0,"comment_status":"closed","ping_status":"closed","template":"","meta":{"footnotes":""},"class_list":["post-17665","page","type-page","status-publish","hentry"],"_links":{"self":[{"href":"https:\/\/canotosan.com\/tr\/wp-json\/wp\/v2\/pages\/17665","targetHints":{"allow":["GET"]}}],"collection":[{"href":"https:\/\/canotosan.com\/tr\/wp-json\/wp\/v2\/pages"}],"about":[{"href":"https:\/\/canotosan.com\/tr\/wp-json\/wp\/v2\/types\/page"}],"author":[{"embeddable":true,"href":"https:\/\/canotosan.com\/tr\/wp-json\/wp\/v2\/users\/1"}],"replies":[{"embeddable":true,"href":"https:\/\/canotosan.com\/tr\/wp-json\/wp\/v2\/comments?post=17665"}],"version-history":[{"count":6,"href":"https:\/\/canotosan.com\/tr\/wp-json\/wp\/v2\/pages\/17665\/revisions"}],"predecessor-version":[{"id":20226,"href":"https:\/\/canotosan.com\/tr\/wp-json\/wp\/v2\/pages\/17665\/revisions\/20226"}],"wp:attachment":[{"href":"https:\/\/canotosan.com\/tr\/wp-json\/wp\/v2\/media?parent=17665"}],"curies":[{"name":"wp","href":"https:\/\/api.w.org\/{rel}","templated":true}]}}