{"id":17633,"date":"2025-03-28T02:30:18","date_gmt":"2025-03-28T02:30:18","guid":{"rendered":"http:\/\/localhost:10028\/gizlilik-politikasi\/"},"modified":"2025-04-09T01:14:38","modified_gmt":"2025-04-09T01:14:38","slug":"gizlilik-politikasi","status":"publish","type":"page","link":"https:\/\/canotosan.com\/tr\/gizlilik-politikasi\/","title":{"rendered":"Gizlilik Politikas\u0131"},"content":{"rendered":"\n<h2 class=\"wp-block-heading\">Tan\u0131t\u0131m<\/h2>\n\n<p>Bu Gizlilik Politikas\u0131, web sitemizi, buna ba\u011fl\u0131 veya ba\u011flant\u0131l\u0131 herhangi bir medya formu, medya kanal\u0131, mobil web sitesi veya mobil uygulamay\u0131 ziyaret etti\u011finizde bilgilerinizi nas\u0131l toplad\u0131\u011f\u0131m\u0131z\u0131, kulland\u0131\u011f\u0131m\u0131z\u0131, if\u015fa etti\u011fimizi ve korudu\u011fumuzu a\u00e7\u0131klar. L\u00fctfen bu Gizlilik Politikas\u0131n\u0131 dikkatlice okuyun. Web sitemize eri\u015ferek veya web sitemizi kullanarak, bu Gizlilik Politikas\u0131n\u0131n t\u00fcm h\u00fck\u00fcmlerini okudu\u011funuzu, anlad\u0131\u011f\u0131n\u0131z\u0131 ve bunlara ba\u011fl\u0131 kalmay\u0131 kabul etti\u011finizi kabul edersiniz.<\/p>\n\n<h2 class=\"wp-block-heading\">Toplad\u0131\u011f\u0131m\u0131z Bilgiler<\/h2>\n\n<p>Hakk\u0131n\u0131zda \u00e7e\u015fitli yollarla bilgi toplayabiliriz. Web sitemizde toplad\u0131\u011f\u0131m\u0131z bilgiler \u015funlar\u0131 i\u00e7erebilir:<\/p>\n\n<h3 class=\"wp-block-heading\">Ki\u015fisel Veri<\/h3>\n\n<p>Web sitesine kaydoldu\u011funuzda, web sitesindeki \u00e7e\u015fitli etkinliklere kat\u0131lmay\u0131 se\u00e7ti\u011finizde veya ba\u015fka bir \u015fekilde bizimle ileti\u015fime ge\u00e7ti\u011finizde bize g\u00f6n\u00fcll\u00fc olarak sa\u011flad\u0131\u011f\u0131n\u0131z ad\u0131n\u0131z, teslimat adresiniz, e-posta adresiniz, telefon numaran\u0131z ve demografik bilgiler gibi ki\u015fisel olarak tan\u0131mlanabilir bilgiler.<\/p>\n\n<h3 class=\"wp-block-heading\">T\u00fcrev Veriler<\/h3>\n\n<p>IP adresiniz, taray\u0131c\u0131 t\u00fcr\u00fcn\u00fcz, i\u015fletim sisteminiz, eri\u015fim zamanlar\u0131n\u0131z ve web sitesine eri\u015fmeden hemen \u00f6nce ve sonra do\u011frudan g\u00f6r\u00fcnt\u00fcledi\u011finiz sayfalar gibi, web sitesine eri\u015fti\u011finizde sunucular\u0131m\u0131z\u0131n otomatik olarak toplad\u0131\u011f\u0131 bilgiler.<\/p>\n\n<h3 class=\"wp-block-heading\">Finansal Veriler<\/h3>\n\n<p>Web sitemizden hizmetlerimiz hakk\u0131nda sat\u0131n alma, sipari\u015f verme, iade etme, de\u011fi\u015fim yapma veya bilgi talep etme durumunda toplayabilece\u011fimiz \u00f6deme y\u00f6nteminizle ilgili veriler (\u00f6rne\u011fin ge\u00e7erli kredi kart\u0131 numaras\u0131, kart markas\u0131, son kullanma tarihi) gibi finansal bilgiler.<\/p>\n\n<h3 class=\"wp-block-heading\">Mobil Cihaz Verileri<\/h3>\n\n<p>Mobil cihaz\u0131n\u0131z\u0131n kimli\u011fi, modeli ve \u00fcreticisi gibi cihaz bilgileri ve web sitesine mobil bir cihazdan eri\u015fiyorsan\u0131z cihaz\u0131n\u0131z\u0131n konumu hakk\u0131nda bilgiler.<\/p>\n\n<h3 class=\"wp-block-heading\">Sipari\u015f Bilgileri<\/h3>\n\n<p>\u00dcr\u00fcn \u00f6zellikleri, miktar\u0131, fiyat\u0131, teslimat detaylar\u0131 ve \u00f6zel talimatlar dahil olmak \u00fczere web sitemiz \u00fczerinden yapt\u0131\u011f\u0131n\u0131z t\u00fcm sat\u0131n al\u0131mlar\u0131n veya sipari\u015flerin ayr\u0131nt\u0131lar\u0131.<\/p>\n\n<h2 class=\"wp-block-heading\">Bilgilerinizin Kullan\u0131m\u0131<\/h2>\n\n<p>Hakk\u0131n\u0131zda toplad\u0131\u011f\u0131m\u0131z bilgileri \u00e7e\u015fitli ama\u00e7lar i\u00e7in kullanabiliriz, bunlar aras\u0131nda \u015funlar yer al\u0131r:<\/p>\n\n<ul class=\"wp-block-list\">\n<li>\u0130\u015flemlerinizin i\u015flenmesi ve tamamlanmas\u0131<\/li>\n\n\n\n<li>Ki\u015fiselle\u015ftirilmi\u015f m\u00fc\u015fteri hizmeti sa\u011flamak<\/li>\n\n\n\n<li>Size idari e-postalar g\u00f6nderiyoruz<\/li>\n\n\n\n<li>Size pazarlama ve promosyon materyalleri g\u00f6nderiyoruz<\/li>\n\n\n\n<li>Yorumlar\u0131n\u0131za, sorular\u0131n\u0131za ve isteklerinize yan\u0131t veriyoruz<\/li>\n\n\n\n<li>Web sitemizin i\u015flevselli\u011fini iyile\u015ftirmek<\/li>\n\n\n\n<li>Web sitesi kullan\u0131m\u0131n\u0131, e\u011filimleri ve tercihleri analiz etme<\/li>\n\n\n\n<li>Web sitemizi yetkisiz eri\u015fime kar\u015f\u0131 korumak<\/li>\n<\/ul>\n\n<h2 class=\"wp-block-heading\">Bilgilerinizin A\u00e7\u0131klanmas\u0131<\/h2>\n\n<p>Hakk\u0131n\u0131zda toplad\u0131\u011f\u0131m\u0131z bilgileri belirli durumlarda payla\u015fabiliriz. Bilgileriniz a\u015fa\u011f\u0131daki \u015fekilde if\u015fa edilebilir:<\/p>\n\n<h3 class=\"wp-block-heading\">Yasa gere\u011fi veya haklar\u0131 korumak i\u00e7in<\/h3>\n\n<p>Hakk\u0131n\u0131zdaki bilgilerin yay\u0131nlanmas\u0131n\u0131n yasal i\u015fleme yan\u0131t vermek, politikalar\u0131m\u0131z\u0131n olas\u0131 ihlallerini ara\u015ft\u0131rmak veya gidermek ya da ba\u015fkalar\u0131n\u0131n haklar\u0131n\u0131, m\u00fclklerini ve g\u00fcvenli\u011fini korumak i\u00e7in gerekli oldu\u011funa inan\u0131rsak, bilgilerinizi ge\u00e7erli herhangi bir yasa, kural veya y\u00f6netmeli\u011fin izin verdi\u011fi veya gerektirdi\u011fi \u015fekilde payla\u015fabiliriz.<\/p>\n\n<h3 class=\"wp-block-heading\">\u00dc\u00e7\u00fcnc\u00fc Taraf Hizmet Sa\u011flay\u0131c\u0131lar\u0131<\/h3>\n\n<p>Bilgilerinizi, bizim ad\u0131m\u0131za veya bizim ad\u0131m\u0131za hizmet veren ve bu i\u015fi yapmak i\u00e7in bu bilgilere eri\u015fmesi gereken \u00fc\u00e7\u00fcnc\u00fc taraf sat\u0131c\u0131lar, hizmet sa\u011flay\u0131c\u0131lar, y\u00fckleniciler veya acentelerle payla\u015fabiliriz.<\/p>\n\n<h3 class=\"wp-block-heading\">\u0130\u015fletme Devirleri<\/h3>\n\n<p>Herhangi bir birle\u015fme, \u015firket varl\u0131klar\u0131n\u0131n sat\u0131\u015f\u0131, finansman\u0131 veya i\u015fimizin tamam\u0131n\u0131n veya bir k\u0131sm\u0131n\u0131n ba\u015fka bir \u015firkete devredilmesiyle ba\u011flant\u0131l\u0131 olarak veya bu t\u00fcr g\u00f6r\u00fc\u015fmeler s\u0131ras\u0131nda bilgilerinizi payla\u015fabilir veya aktarabiliriz.<\/p>\n\n<h3 class=\"wp-block-heading\">Sizin Onay\u0131n\u0131zla<\/h3>\n\n<p>Ki\u015fisel bilgilerinizi, sizin izninizle ba\u015fka herhangi bir ama\u00e7la payla\u015fabiliriz.<\/p>\n\n<h2 class=\"wp-block-heading\">Bilgilerinizin G\u00fcvenli\u011fi<\/h2>\n\n<p>Ki\u015fisel bilgilerinizi korumaya yard\u0131mc\u0131 olmak i\u00e7in idari, teknik ve fiziksel g\u00fcvenlik \u00f6nlemleri kullan\u0131yoruz. Bize sa\u011flad\u0131\u011f\u0131n\u0131z ki\u015fisel bilgileri g\u00fcvence alt\u0131na almak i\u00e7in makul ad\u0131mlar atm\u0131\u015f olsak da, \u00e7abalar\u0131m\u0131za ra\u011fmen hi\u00e7bir g\u00fcvenlik \u00f6nleminin m\u00fckemmel veya a\u015f\u0131lamaz olmad\u0131\u011f\u0131n\u0131 ve hi\u00e7bir veri aktar\u0131m y\u00f6nteminin herhangi bir m\u00fcdahaleye veya ba\u015fka bir k\u00f6t\u00fcye kullan\u0131ma kar\u015f\u0131 garanti edilemeyece\u011fini l\u00fctfen unutmay\u0131n.<\/p>\n\n<h2 class=\"wp-block-heading\">\u00c7erezler ve Web \u0130\u015faret\u00e7ileri<\/h2>\n\n<p>Web sitemizi ki\u015fiselle\u015ftirmek ve deneyiminizi iyile\u015ftirmek i\u00e7in web sitemizde \u00e7erezler, web i\u015faret\u00e7ileri, izleme pikselleri ve di\u011fer izleme teknolojilerini kullanabiliriz. Web sitesini kullanarak \u00c7erez Politikam\u0131za ba\u011fl\u0131 kalmay\u0131 kabul edersiniz.<\/p>\n\n<h2 class=\"wp-block-heading\">\u00dc\u00e7\u00fcnc\u00fc Taraf Web Siteleri<\/h2>\n\n<p>Web sitemiz, reklamlar ve harici hizmetler dahil olmak \u00fczere ilgi \u00e7ekici \u00fc\u00e7\u00fcnc\u00fc taraf web sitelerine ve uygulamalar\u0131na ba\u011flant\u0131lar i\u00e7erebilir. Bu ba\u011flant\u0131lar\u0131 web sitemizden ayr\u0131lmak i\u00e7in kulland\u0131\u011f\u0131n\u0131zda, bu \u00fc\u00e7\u00fcnc\u00fc taraflara sa\u011flad\u0131\u011f\u0131n\u0131z hi\u00e7bir bilgi bu Gizlilik Politikas\u0131 kapsam\u0131nda de\u011fildir. Herhangi bir \u00fc\u00e7\u00fcnc\u00fc taraf web sitesini veya hizmetini ziyaret etti\u011finizde bilgilerinizin g\u00fcvenli\u011fini ve gizlili\u011fini garanti edemeyiz.<\/p>\n\n<h2 class=\"wp-block-heading\">Haklar\u0131n\u0131z<\/h2>\n\n<p>Web sitemizdeki hesab\u0131n\u0131z\u0131 istedi\u011finiz zaman inceleyebilir, de\u011fi\u015ftirebilir veya sonland\u0131rabilirsiniz. Ayr\u0131ca \u015funlar\u0131 da talep edebilirsiniz:<\/p>\n\n<ul class=\"wp-block-list\">\n<li>Hakk\u0131n\u0131zda tuttu\u011fumuz ki\u015fisel verilere eri\u015fin ve bunlar\u0131n bir kopyas\u0131n\u0131 al\u0131n<\/li>\n\n\n\n<li>Yanl\u0131\u015f veya eksik olan ki\u015fisel verileri d\u00fczeltin<\/li>\n\n\n\n<li>Ki\u015fisel verilerinizin silinmesini talep edin<\/li>\n\n\n\n<li>Ki\u015fisel verilerinizin i\u015flenmesine itiraz edin<\/li>\n<\/ul>\n\n<h2 class=\"wp-block-heading\">Politika G\u00fcncellemeleri<\/h2>\n\n<p>Bu Gizlilik Politikas\u0131n\u0131 zaman zaman g\u00fcncelleyebiliriz. G\u00fcncellenen s\u00fcr\u00fcm, g\u00fcncellenmi\u015f bir &#8220;Revize&#8221; tarihi ile g\u00f6sterilecek ve g\u00fcncellenen s\u00fcr\u00fcm eri\u015filebilir olur olmaz y\u00fcr\u00fcrl\u00fc\u011fe girecektir. Bilgilerinizi nas\u0131l korudu\u011fumuz konusunda bilgi sahibi olmak i\u00e7in bu Gizlilik Politikas\u0131n\u0131 s\u0131k s\u0131k incelemenizi \u00f6neririz.<\/p>\n\n<h2 class=\"wp-block-heading\">Bize Ula\u015f\u0131n<\/h2>\n\n<p>Bu Gizlilik Politikas\u0131 hakk\u0131nda sorular\u0131n\u0131z veya yorumlar\u0131n\u0131z varsa l\u00fctfen bizimle \u015fu adresten ileti\u015fime ge\u00e7in:<\/p>\n\n<p>Can OTOSAN<br\/> [A\u00e7\u0131k adres]<br\/> [\u015eehir, Eyalet, Posta Kodu]<br\/> [Telefon Numaras\u0131]<br\/> info@canotosan.com<\/p>\n\n<p>Bu Gizlilik Politikas\u0131 son olarak 28\/03\/2025 tarihinde g\u00fcncellenmi\u015ftir.<\/p>\n\n<p><\/p>\n","protected":false},"excerpt":{"rendered":"<p>Tan\u0131t\u0131m Bu Gizlilik Politikas\u0131, web sitemizi, buna ba\u011fl\u0131 veya ba\u011flant\u0131l\u0131 herhangi bir medya formu, medya kanal\u0131, mobil web sitesi veya<\/p>\n","protected":false},"author":1,"featured_media":0,"parent":0,"menu_order":0,"comment_status":"closed","ping_status":"closed","template":"","meta":{"footnotes":""},"class_list":["post-17633","page","type-page","status-publish","hentry"],"_links":{"self":[{"href":"https:\/\/canotosan.com\/tr\/wp-json\/wp\/v2\/pages\/17633","targetHints":{"allow":["GET"]}}],"collection":[{"href":"https:\/\/canotosan.com\/tr\/wp-json\/wp\/v2\/pages"}],"about":[{"href":"https:\/\/canotosan.com\/tr\/wp-json\/wp\/v2\/types\/page"}],"author":[{"embeddable":true,"href":"https:\/\/canotosan.com\/tr\/wp-json\/wp\/v2\/users\/1"}],"replies":[{"embeddable":true,"href":"https:\/\/canotosan.com\/tr\/wp-json\/wp\/v2\/comments?post=17633"}],"version-history":[{"count":0,"href":"https:\/\/canotosan.com\/tr\/wp-json\/wp\/v2\/pages\/17633\/revisions"}],"wp:attachment":[{"href":"https:\/\/canotosan.com\/tr\/wp-json\/wp\/v2\/media?parent=17633"}],"curies":[{"name":"wp","href":"https:\/\/api.w.org\/{rel}","templated":true}]}}