{"id":18127,"date":"2025-04-09T05:13:52","date_gmt":"2025-04-09T05:13:52","guid":{"rendered":"https:\/\/canotosan.com\/product\/palm-coupling-standart-2\/"},"modified":"2025-06-19T09:29:44","modified_gmt":"2025-06-19T09:29:44","slug":"palm-coupling-standart-2","status":"publish","type":"product","link":"https:\/\/canotosan.com\/ru\/product\/palm-coupling-standart-2\/","title":{"rendered":"Palm Coupling Standart"},"content":{"rendered":"<div style=\"font-family: Arial, sans-serif;\">\n<h2 style=\"margin-bottom: 15px;\">M16x1.5<\/h2>\n<h3 style=\"margin-bottom: 15px;\">OEM Referans Tablosu<\/h3>\n<div style=\"margin-top: 20px; margin-bottom: 20px; border: 1px solid #eee; border-radius: 5px; overflow: hidden; font-family: Arial, sans-serif;\">\n<p>    <!-- Ba\u015fl\u0131k Sat\u0131r\u0131 --><\/p>\n<div style=\"display: flex; border-bottom: 1px solid #eee;\">\n<div style=\"flex: 1; padding: 10px; font-weight: bold; background-color: #f9f9f9;\">OEM Numaras\u0131<\/div>\n<div style=\"flex: 1; padding: 10px; font-weight: bold; background-color: #f9f9f9;\">Marka<\/div>\n<\/p><\/div>\n<p>    <!-- Veri Sat\u0131rlar\u0131 --><\/p>\n<div style=\"display: flex; border-bottom: 1px solid #f5f5f5;\">\n<div style=\"flex: 1; padding: 8px 10px;\">952 200 021 0<\/div>\n<div style=\"flex: 1; padding: 8px 10px;\">WABCO<\/div>\n<\/p><\/div>\n<div style=\"display: flex; border-bottom: 1px solid #f5f5f5;\">\n<div style=\"flex: 1; padding: 8px 10px;\">000 429 76 30<\/div>\n<div style=\"flex: 1; padding: 8px 10px;\">MERCEDES<\/div>\n<\/p><\/div>\n<div style=\"display: flex; border-bottom: 1px solid #f5f5f5;\">\n<div style=\"flex: 1; padding: 8px 10px;\">81 51220 6043<\/div>\n<div style=\"flex: 1; padding: 8px 10px;\">MAN<\/div>\n<\/p><\/div>\n<div style=\"display: flex; border-bottom: 1px solid #f5f5f5;\">\n<div style=\"flex: 1; padding: 8px 10px;\">1112485<\/div>\n<div style=\"flex: 1; padding: 8px 10px;\">SCANIA<\/div>\n<\/p><\/div>\n<div style=\"display: flex; border-bottom: 1px solid #f5f5f5;\">\n<div style=\"flex: 1; padding: 8px 10px;\">334055201<\/div>\n<div style=\"flex: 1; padding: 8px 10px;\">HALDEX<\/div>\n<\/p><\/div>\n<div style=\"display: flex; border-bottom: 1px solid #f5f5f5;\">\n<div style=\"flex: 1; padding: 8px 10px;\">5000 095 034<\/div>\n<div style=\"flex: 1; padding: 8px 10px;\">RENAULT<\/div>\n<\/p><\/div>\n<div style=\"display: flex; border-bottom: 1px solid #f5f5f5;\">\n<div style=\"flex: 1; padding: 8px 10px;\">612596500<\/div>\n<div style=\"flex: 1; padding: 8px 10px;\">IVECO<\/div>\n<\/p><\/div>\n<\/p><\/div>\n<\/div>\n","protected":false},"excerpt":{"rendered":"<p>M16x1.5<\/p>\n","protected":false},"featured_media":20278,"comment_status":"open","ping_status":"closed","template":"","meta":[],"product_brand":[],"product_cat":[70],"product_tag":[],"class_list":{"0":"post-18127","1":"product","2":"type-product","3":"status-publish","4":"has-post-thumbnail","6":"product_cat-air-brake-products","8":"first","9":"instock","10":"shipping-taxable","11":"purchasable","12":"product-type-simple"},"_links":{"self":[{"href":"https:\/\/canotosan.com\/ru\/wp-json\/wp\/v2\/product\/18127","targetHints":{"allow":["GET"]}}],"collection":[{"href":"https:\/\/canotosan.com\/ru\/wp-json\/wp\/v2\/product"}],"about":[{"href":"https:\/\/canotosan.com\/ru\/wp-json\/wp\/v2\/types\/product"}],"replies":[{"embeddable":true,"href":"https:\/\/canotosan.com\/ru\/wp-json\/wp\/v2\/comments?post=18127"}],"version-history":[{"count":2,"href":"https:\/\/canotosan.com\/ru\/wp-json\/wp\/v2\/product\/18127\/revisions"}],"predecessor-version":[{"id":20578,"href":"https:\/\/canotosan.com\/ru\/wp-json\/wp\/v2\/product\/18127\/revisions\/20578"}],"wp:featuredmedia":[{"embeddable":true,"href":"https:\/\/canotosan.com\/ru\/wp-json\/wp\/v2\/media\/20278"}],"wp:attachment":[{"href":"https:\/\/canotosan.com\/ru\/wp-json\/wp\/v2\/media?parent=18127"}],"wp:term":[{"taxonomy":"product_brand","embeddable":true,"href":"https:\/\/canotosan.com\/ru\/wp-json\/wp\/v2\/product_brand?post=18127"},{"taxonomy":"product_cat","embeddable":true,"href":"https:\/\/canotosan.com\/ru\/wp-json\/wp\/v2\/product_cat?post=18127"},{"taxonomy":"product_tag","embeddable":true,"href":"https:\/\/canotosan.com\/ru\/wp-json\/wp\/v2\/product_tag?post=18127"}],"curies":[{"name":"wp","href":"https:\/\/api.w.org\/{rel}","templated":true}]}}